{"id":5497,"date":"2022-12-06T12:34:43","date_gmt":"2022-12-06T11:34:43","guid":{"rendered":"http:\/\/www.veloclublapomme.com\/?page_id=5497"},"modified":"2025-03-18T22:24:04","modified_gmt":"2025-03-18T21:24:04","slug":"lhistoire-et-valeur-du-club","status":"publish","type":"page","link":"https:\/\/www.veloclublapomme.com\/index.php\/lhistoire-et-valeur-du-club\/","title":{"rendered":"L&rsquo;histoire et valeurs du club"},"content":{"rendered":"<p>[et_pb_section fb_built=\u00a0\u00bb1&Prime; admin_label=\u00a0\u00bbHeader\u00a0\u00bb _builder_version=\u00a0\u00bb4.25.2&Prime; _module_preset=\u00a0\u00bbdefault\u00a0\u00bb background_image=\u00a0\u00bbhttps:\/\/www.veloclublapomme.com\/wp-content\/uploads\/2024\/06\/FOND-PAGE.jpg\u00a0\u00bb background_position=\u00a0\u00bbcenter_left\u00a0\u00bb custom_padding=\u00a0\u00bb||0px|||\u00a0\u00bb locked=\u00a0\u00bboff\u00a0\u00bb global_colors_info=\u00a0\u00bb{}\u00a0\u00bb][et_pb_row _builder_version=\u00a0\u00bb4.16&Prime; _module_preset=\u00a0\u00bbdefault\u00a0\u00bb global_colors_info=\u00a0\u00bb{}\u00a0\u00bb][et_pb_column type=\u00a0\u00bb4_4&Prime; _builder_version=\u00a0\u00bb4.16&Prime; _module_preset=\u00a0\u00bbdefault\u00a0\u00bb global_colors_info=\u00a0\u00bb{}\u00a0\u00bb][et_pb_text _builder_version=\u00a0\u00bb4.16&Prime; _module_preset=\u00a0\u00bbdefault\u00a0\u00bb header_font=\u00a0\u00bbCovered By Your Grace||||||||\u00a0\u00bb header_font_size=\u00a0\u00bb120px\u00a0\u00bb header_letter_spacing=\u00a0\u00bb5px\u00a0\u00bb header_line_height=\u00a0\u00bb1.2em\u00a0\u00bb header_font_size_tablet=\u00a0\u00bb60px\u00a0\u00bb header_font_size_phone=\u00a0\u00bb40px\u00a0\u00bb header_font_size_last_edited=\u00a0\u00bbon|phone\u00a0\u00bb global_colors_info=\u00a0\u00bb{}\u00a0\u00bb]<\/p>\n<h1>Notre histoire<\/h1>\n<p>[\/et_pb_text][\/et_pb_column][\/et_pb_row][et_pb_row column_structure=\u00a0\u00bb1_2,1_2&Prime; use_custom_gutter=\u00a0\u00bbon\u00a0\u00bb gutter_width=\u00a0\u00bb1&Prime; make_equal=\u00a0\u00bbon\u00a0\u00bb _builder_version=\u00a0\u00bb4.16&Prime; _module_preset=\u00a0\u00bbdefault\u00a0\u00bb custom_margin=\u00a0\u00bb|auto|-29px|auto||\u00a0\u00bb custom_padding=\u00a0\u00bb0px||0px|||\u00a0\u00bb global_colors_info=\u00a0\u00bb{}\u00a0\u00bb][et_pb_column type=\u00a0\u00bb1_2&Prime; _builder_version=\u00a0\u00bb4.16&Prime; _module_preset=\u00a0\u00bbdefault\u00a0\u00bb global_colors_info=\u00a0\u00bb{}\u00a0\u00bb][\/et_pb_column][et_pb_column type=\u00a0\u00bb1_2&Prime; _builder_version=\u00a0\u00bb4.16&Prime; _module_preset=\u00a0\u00bbdefault\u00a0\u00bb background_color=\u00a0\u00bb#ffffff\u00a0\u00bb custom_padding=\u00a0\u00bb20px|20px|20px|20px|true|true\u00a0\u00bb global_colors_info=\u00a0\u00bb{}\u00a0\u00bb][et_pb_text _builder_version=\u00a0\u00bb4.25.2&Prime; _module_preset=\u00a0\u00bbdefault\u00a0\u00bb header_2_font=\u00a0\u00bb|700||on|||||\u00a0\u00bb header_2_font_size=\u00a0\u00bb29px\u00a0\u00bb header_2_letter_spacing=\u00a0\u00bb0.1em\u00a0\u00bb header_2_line_height=\u00a0\u00bb1.2em\u00a0\u00bb text_orientation=\u00a0\u00bbcenter\u00a0\u00bb header_2_font_size_tablet=\u00a0\u00bb26px\u00a0\u00bb header_2_font_size_phone=\u00a0\u00bb20px\u00a0\u00bb header_2_font_size_last_edited=\u00a0\u00bbon|phone\u00a0\u00bb global_colors_info=\u00a0\u00bb{}\u00a0\u00bb]<\/p>\n<h2>L&rsquo;histoire et les valeurs du club<\/h2>\n<p>[\/et_pb_text][\/et_pb_column][\/et_pb_row][\/et_pb_section][et_pb_section fb_built=\u00a0\u00bb1&Prime; admin_label=\u00a0\u00bbMission\u00a0\u00bb _builder_version=\u00a0\u00bb4.16&Prime; _module_preset=\u00a0\u00bbdefault\u00a0\u00bb global_colors_info=\u00a0\u00bb{}\u00a0\u00bb][et_pb_row column_structure=\u00a0\u00bb1_2,1_2&Prime; _builder_version=\u00a0\u00bb4.16&Prime; _module_preset=\u00a0\u00bbdefault\u00a0\u00bb global_colors_info=\u00a0\u00bb{}\u00a0\u00bb][et_pb_column type=\u00a0\u00bb1_2&Prime; _builder_version=\u00a0\u00bb4.16&Prime; _module_preset=\u00a0\u00bbdefault\u00a0\u00bb global_colors_info=\u00a0\u00bb{}\u00a0\u00bb][et_pb_text _builder_version=\u00a0\u00bb4.25.2&Prime; _module_preset=\u00a0\u00bbdefault\u00a0\u00bb text_font_size=\u00a0\u00bb16px\u00a0\u00bb text_line_height=\u00a0\u00bb2em\u00a0\u00bb text_font_size_tablet=\u00a0\u00bb14px\u00a0\u00bb text_font_size_phone=\u00a0\u00bb\u00a0\u00bb text_font_size_last_edited=\u00a0\u00bbon|desktop\u00a0\u00bb locked=\u00a0\u00bboff\u00a0\u00bb global_colors_info=\u00a0\u00bb{}\u00a0\u00bb]<\/p>\n<p style=\"text-align: justify;\">Le V\u00e9lo Club la Pomme Marseille est une association de cyclisme majeure et historique de Marseille et du Sud-est de la France. Sous forme juridique d\u2019association sportive loi 1901 dont l\u2019objet principal est la pratique, la promotion et le d\u00e9veloppement de la pratique du cyclisme sous toutes ses formes (route, VTT, cyclotourisme) ainsi qu\u2019une meilleure connaissance de soi et d\u2019autrui par le d\u00e9veloppement des relations de groupe.<\/p>\n<p>L\u2019association a \u00e9t\u00e9 d\u00e9clar\u00e9e \u00e0 la pr\u00e9fecture des Bouches du Rh\u00f4ne sous le num\u00e9ro 8499, le 17 juin 1974 (Journal Officiel du 26 juin 1974) et son si\u00e8ge est situ\u00e9 dans le quartier caract\u00e9ristique de La \u00ab Pomme \u00bb (462 Boulevard Mireille LAUZE 11\u00e8me arrondissement) \u00e0 Marseille.<\/p>\n<p>[\/et_pb_text][\/et_pb_column][et_pb_column type=\u00a0\u00bb1_2&Prime; _builder_version=\u00a0\u00bb4.16&Prime; _module_preset=\u00a0\u00bbdefault\u00a0\u00bb global_colors_info=\u00a0\u00bb{}\u00a0\u00bb][et_pb_text _builder_version=\u00a0\u00bb4.25.2&Prime; _module_preset=\u00a0\u00bbdefault\u00a0\u00bb text_font_size=\u00a0\u00bb16px\u00a0\u00bb text_line_height=\u00a0\u00bb2em\u00a0\u00bb text_font_size_tablet=\u00a0\u00bb14px\u00a0\u00bb text_font_size_phone=\u00a0\u00bb\u00a0\u00bb text_font_size_last_edited=\u00a0\u00bbon|phone\u00a0\u00bb locked=\u00a0\u00bboff\u00a0\u00bb global_colors_info=\u00a0\u00bb{}\u00a0\u00bb]<\/p>\n<p style=\"text-align: justify;\">Le club propose \u00e0 ses adh\u00e9rents diverses activit\u00e9s li\u00e9es aux loisirs et \u00e0 la comp\u00e9tition. Le VCPM m\u00e8ne une politique empreinte d\u2019\u00e9thique, de formation, de professionnalisme ou encore de d\u00e9veloppement durable qui la place en posture originale au sein du paysage cycliste fran\u00e7ais. Sans vouloir grandir trop vite, le VCPM avance d\u2019un pas s\u00fbr et n\u2019entend pas arr\u00eater son d\u00e9veloppement en si bon chemin.<br \/>Ses atouts de formation ont amen\u00e9s jusqu\u2019\u00e0 pr\u00e9sent sa r\u00e9putation de club formateur parmi les tous meilleurs d\u2019Europe (plus de 40 professionnels issus du VCPM). Fort d\u2019environ 300 licenci\u00e9s, de 15 000 heures de b\u00e9n\u00e9volat, de 11 sections, de 6 v\u00e9hicules, de 130 m2 de locaux et de 5 salari\u00e9s, le V\u00e9lo Club la Pomme Marseille organise aussi un des plus grands \u00e9v\u00e8nements que compte aujourd\u2019hui la ville de Marseille : \u00ab Les Bosses de Provence\u00bb.<\/p>\n<p>[\/et_pb_text][\/et_pb_column][\/et_pb_row][\/et_pb_section][et_pb_section fb_built=\u00a0\u00bb1&Prime; admin_label=\u00a0\u00bbInfo\u00a0\u00bb _builder_version=\u00a0\u00bb4.16&Prime; _module_preset=\u00a0\u00bbdefault\u00a0\u00bb custom_padding=\u00a0\u00bb0px|||||\u00a0\u00bb global_colors_info=\u00a0\u00bb{}\u00a0\u00bb][et_pb_row column_structure=\u00a0\u00bb1_3,1_3,1_3&Prime; _builder_version=\u00a0\u00bb4.16&Prime; _module_preset=\u00a0\u00bbdefault\u00a0\u00bb global_colors_info=\u00a0\u00bb{}\u00a0\u00bb][et_pb_column type=\u00a0\u00bb1_3&Prime; _builder_version=\u00a0\u00bb4.16&Prime; _module_preset=\u00a0\u00bbdefault\u00a0\u00bb global_colors_info=\u00a0\u00bb{}\u00a0\u00bb][et_pb_text _builder_version=\u00a0\u00bb4.25.2&Prime; _module_preset=\u00a0\u00bbdefault\u00a0\u00bb text_font=\u00a0\u00bb|700|||||||\u00a0\u00bb text_text_color=\u00a0\u00bb#efece4&Prime; text_font_size=\u00a0\u00bb40px\u00a0\u00bb text_line_height=\u00a0\u00bb1.6em\u00a0\u00bb text_font_size_tablet=\u00a0\u00bb30px\u00a0\u00bb text_font_size_phone=\u00a0\u00bb\u00a0\u00bb text_font_size_last_edited=\u00a0\u00bbon|phone\u00a0\u00bb global_colors_info=\u00a0\u00bb{}\u00a0\u00bb]<\/p>\n<p>1974<\/p>\n<p>[\/et_pb_text][et_pb_text _builder_version=\u00a0\u00bb4.25.2&Prime; _module_preset=\u00a0\u00bbdefault\u00a0\u00bb text_font_size=\u00a0\u00bb16px\u00a0\u00bb text_line_height=\u00a0\u00bb2em\u00a0\u00bb header_3_font=\u00a0\u00bb|700|||||||\u00a0\u00bb header_3_font_size=\u00a0\u00bb20px\u00a0\u00bb header_3_line_height=\u00a0\u00bb1.4em\u00a0\u00bb text_font_size_tablet=\u00a0\u00bb14px\u00a0\u00bb text_font_size_phone=\u00a0\u00bb\u00a0\u00bb text_font_size_last_edited=\u00a0\u00bbon|phone\u00a0\u00bb header_3_font_size_tablet=\u00a0\u00bb16px\u00a0\u00bb header_3_font_size_phone=\u00a0\u00bb\u00a0\u00bb header_3_font_size_last_edited=\u00a0\u00bbon|phone\u00a0\u00bb global_colors_info=\u00a0\u00bb{}\u00a0\u00bb]<\/p>\n<h3>Cr\u00e9ation du club<\/h3>\n<p>Quatre membres historiques d\u00e9cident de fonder le V\u00e9lo Club La Pomme Marseille.<\/p>\n<p>[\/et_pb_text][\/et_pb_column][et_pb_column type=\u00a0\u00bb1_3&Prime; _builder_version=\u00a0\u00bb4.16&Prime; _module_preset=\u00a0\u00bbdefault\u00a0\u00bb global_colors_info=\u00a0\u00bb{}\u00a0\u00bb][et_pb_text _builder_version=\u00a0\u00bb4.16&Prime; _module_preset=\u00a0\u00bbdefault\u00a0\u00bb text_font=\u00a0\u00bb|700|||||||\u00a0\u00bb text_text_color=\u00a0\u00bb#efece4&Prime; text_font_size=\u00a0\u00bb40px\u00a0\u00bb text_line_height=\u00a0\u00bb1.6em\u00a0\u00bb text_font_size_tablet=\u00a0\u00bb30px\u00a0\u00bb text_font_size_phone=\u00a0\u00bb\u00a0\u00bb text_font_size_last_edited=\u00a0\u00bbon|phone\u00a0\u00bb locked=\u00a0\u00bboff\u00a0\u00bb global_colors_info=\u00a0\u00bb{}\u00a0\u00bb]<\/p>\n<p>1994<\/p>\n<p>[\/et_pb_text][et_pb_text _builder_version=\u00a0\u00bb4.25.2&Prime; _module_preset=\u00a0\u00bbdefault\u00a0\u00bb text_font_size=\u00a0\u00bb16px\u00a0\u00bb text_line_height=\u00a0\u00bb2em\u00a0\u00bb header_3_font=\u00a0\u00bb|700|||||||\u00a0\u00bb header_3_font_size=\u00a0\u00bb20px\u00a0\u00bb header_3_line_height=\u00a0\u00bb1.4em\u00a0\u00bb text_font_size_tablet=\u00a0\u00bb14px\u00a0\u00bb text_font_size_phone=\u00a0\u00bb\u00a0\u00bb text_font_size_last_edited=\u00a0\u00bbon|desktop\u00a0\u00bb header_3_font_size_tablet=\u00a0\u00bb16px\u00a0\u00bb header_3_font_size_phone=\u00a0\u00bb\u00a0\u00bb header_3_font_size_last_edited=\u00a0\u00bbon|phone\u00a0\u00bb locked=\u00a0\u00bboff\u00a0\u00bb global_colors_info=\u00a0\u00bb{}\u00a0\u00bb]<\/p>\n<h3>Premi\u00e8re organisation des Bosses de Provence<\/h3>\n<p>D&rsquo;abord \u00ab\u00a0Marseillaises\u00a0\u00bb, puis \u00ab\u00a0du 13\u00a0\u00bb et maintenant \u00ab\u00a0de Provence\u00a0\u00bb, la cyclosportive re\u00e7oit chaque ann\u00e9e pr\u00e8s de 2 500 participants\u00a0<\/p>\n<p>[\/et_pb_text][\/et_pb_column][et_pb_column type=\u00a0\u00bb1_3&Prime; _builder_version=\u00a0\u00bb4.16&Prime; _module_preset=\u00a0\u00bbdefault\u00a0\u00bb global_colors_info=\u00a0\u00bb{}\u00a0\u00bb][et_pb_text _builder_version=\u00a0\u00bb4.16&Prime; _module_preset=\u00a0\u00bbdefault\u00a0\u00bb text_font=\u00a0\u00bb|700|||||||\u00a0\u00bb text_text_color=\u00a0\u00bb#efece4&Prime; text_font_size=\u00a0\u00bb40px\u00a0\u00bb text_line_height=\u00a0\u00bb1.6em\u00a0\u00bb text_font_size_tablet=\u00a0\u00bb30px\u00a0\u00bb text_font_size_phone=\u00a0\u00bb\u00a0\u00bb text_font_size_last_edited=\u00a0\u00bbon|phone\u00a0\u00bb locked=\u00a0\u00bboff\u00a0\u00bb global_colors_info=\u00a0\u00bb{}\u00a0\u00bb]<\/p>\n<p>2007<\/p>\n<p>[\/et_pb_text][et_pb_text _builder_version=\u00a0\u00bb4.16&Prime; _module_preset=\u00a0\u00bbdefault\u00a0\u00bb text_font_size=\u00a0\u00bb16px\u00a0\u00bb text_line_height=\u00a0\u00bb2em\u00a0\u00bb header_3_font=\u00a0\u00bb|700|||||||\u00a0\u00bb header_3_font_size=\u00a0\u00bb20px\u00a0\u00bb header_3_line_height=\u00a0\u00bb1.4em\u00a0\u00bb text_font_size_tablet=\u00a0\u00bb14px\u00a0\u00bb text_font_size_phone=\u00a0\u00bb\u00a0\u00bb text_font_size_last_edited=\u00a0\u00bbon|desktop\u00a0\u00bb header_3_font_size_tablet=\u00a0\u00bb16px\u00a0\u00bb header_3_font_size_phone=\u00a0\u00bb\u00a0\u00bb header_3_font_size_last_edited=\u00a0\u00bbon|phone\u00a0\u00bb locked=\u00a0\u00bboff\u00a0\u00bb global_colors_info=\u00a0\u00bb{}\u00a0\u00bb]<\/p>\n<h3>Vainqueur de la Coupe de France<\/h3>\n<p>\u00c0 la fin de la saison 2007, le V\u00e9lo Club La Pomme Marseille d\u00e9croche le classement g\u00e9n\u00e9ral final de la Coupe des France des Clubs Look.\u00a0<\/p>\n<p>[\/et_pb_text][\/et_pb_column][\/et_pb_row][\/et_pb_section][et_pb_section fb_built=\u00a0\u00bb1&Prime; admin_label=\u00a0\u00bbInfo\u00a0\u00bb _builder_version=\u00a0\u00bb4.16&Prime; _module_preset=\u00a0\u00bbdefault\u00a0\u00bb custom_padding=\u00a0\u00bb0px|||||\u00a0\u00bb global_colors_info=\u00a0\u00bb{}\u00a0\u00bb][et_pb_row column_structure=\u00a0\u00bb1_3,1_3,1_3&Prime; _builder_version=\u00a0\u00bb4.16&Prime; _module_preset=\u00a0\u00bbdefault\u00a0\u00bb global_colors_info=\u00a0\u00bb{}\u00a0\u00bb][et_pb_column type=\u00a0\u00bb1_3&Prime; _builder_version=\u00a0\u00bb4.16&Prime; _module_preset=\u00a0\u00bbdefault\u00a0\u00bb global_colors_info=\u00a0\u00bb{}\u00a0\u00bb][et_pb_text _builder_version=\u00a0\u00bb4.25.2&Prime; _module_preset=\u00a0\u00bbdefault\u00a0\u00bb text_font=\u00a0\u00bb|700|||||||\u00a0\u00bb text_text_color=\u00a0\u00bb#efece4&Prime; text_font_size=\u00a0\u00bb40px\u00a0\u00bb text_line_height=\u00a0\u00bb1.6em\u00a0\u00bb text_font_size_tablet=\u00a0\u00bb30px\u00a0\u00bb text_font_size_phone=\u00a0\u00bb\u00a0\u00bb text_font_size_last_edited=\u00a0\u00bbon|phone\u00a0\u00bb global_colors_info=\u00a0\u00bb{}\u00a0\u00bb]<\/p>\n<p>2023<\/p>\n<p>[\/et_pb_text][et_pb_text _builder_version=\u00a0\u00bb4.27.4&Prime; _module_preset=\u00a0\u00bbdefault\u00a0\u00bb text_font_size=\u00a0\u00bb16px\u00a0\u00bb text_line_height=\u00a0\u00bb2em\u00a0\u00bb header_3_font=\u00a0\u00bb|700|||||||\u00a0\u00bb header_3_font_size=\u00a0\u00bb20px\u00a0\u00bb header_3_line_height=\u00a0\u00bb1.4em\u00a0\u00bb text_font_size_tablet=\u00a0\u00bb14px\u00a0\u00bb text_font_size_phone=\u00a0\u00bb\u00a0\u00bb text_font_size_last_edited=\u00a0\u00bbon|phone\u00a0\u00bb header_3_font_size_tablet=\u00a0\u00bb16px\u00a0\u00bb header_3_font_size_phone=\u00a0\u00bb\u00a0\u00bb header_3_font_size_last_edited=\u00a0\u00bbon|phone\u00a0\u00bb global_colors_info=\u00a0\u00bb{}\u00a0\u00bb]<\/p>\n<h3>Vainqueur challenge U19<\/h3>\n<p>La section U19 remporte le challenge S1neo-Direct V\u00e9lo avec 3069 points.<\/p>\n<p>[\/et_pb_text][\/et_pb_column][et_pb_column type=\u00a0\u00bb1_3&Prime; _builder_version=\u00a0\u00bb4.16&Prime; _module_preset=\u00a0\u00bbdefault\u00a0\u00bb global_colors_info=\u00a0\u00bb{}\u00a0\u00bb][et_pb_text _builder_version=\u00a0\u00bb4.27.4&Prime; _module_preset=\u00a0\u00bbdefault\u00a0\u00bb text_font=\u00a0\u00bb|700|||||||\u00a0\u00bb text_text_color=\u00a0\u00bb#efece4&Prime; text_font_size=\u00a0\u00bb40px\u00a0\u00bb text_line_height=\u00a0\u00bb1.6em\u00a0\u00bb text_font_size_tablet=\u00a0\u00bb30px\u00a0\u00bb text_font_size_phone=\u00a0\u00bb\u00a0\u00bb text_font_size_last_edited=\u00a0\u00bbon|phone\u00a0\u00bb locked=\u00a0\u00bboff\u00a0\u00bb global_colors_info=\u00a0\u00bb{}\u00a0\u00bb]<\/p>\n<p>2024<\/p>\n<p>[\/et_pb_text][et_pb_text _builder_version=\u00a0\u00bb4.27.4&Prime; _module_preset=\u00a0\u00bbdefault\u00a0\u00bb text_font_size=\u00a0\u00bb16px\u00a0\u00bb text_line_height=\u00a0\u00bb2em\u00a0\u00bb header_3_font=\u00a0\u00bb|700|||||||\u00a0\u00bb header_3_font_size=\u00a0\u00bb20px\u00a0\u00bb header_3_line_height=\u00a0\u00bb1.4em\u00a0\u00bb text_font_size_tablet=\u00a0\u00bb14px\u00a0\u00bb text_font_size_phone=\u00a0\u00bb\u00a0\u00bb text_font_size_last_edited=\u00a0\u00bbon|desktop\u00a0\u00bb header_3_font_size_tablet=\u00a0\u00bb16px\u00a0\u00bb header_3_font_size_phone=\u00a0\u00bb\u00a0\u00bb header_3_font_size_last_edited=\u00a0\u00bbon|phone\u00a0\u00bb locked=\u00a0\u00bboff\u00a0\u00bb global_colors_info=\u00a0\u00bb{}\u00a0\u00bb]<\/p>\n<h3>50 ans du VCPM<\/h3>\n<p>1974-2024 : le V\u00e9lo Club La Pomme Marseille souflle ses 50 bougies. \u00c0 cette occasion, une soir\u00e9e exceptionnelle est organis\u00e9e au Palais du Pharo.<\/p>\n<p>[\/et_pb_text][\/et_pb_column][et_pb_column type=\u00a0\u00bb1_3&Prime; _builder_version=\u00a0\u00bb4.16&Prime; _module_preset=\u00a0\u00bbdefault\u00a0\u00bb global_colors_info=\u00a0\u00bb{}\u00a0\u00bb][\/et_pb_column][\/et_pb_row][\/et_pb_section][et_pb_section fb_built=\u00a0\u00bb1&Prime; use_custom_gutter=\u00a0\u00bbon\u00a0\u00bb gutter_width=\u00a0\u00bb1&Prime; specialty=\u00a0\u00bbon\u00a0\u00bb _builder_version=\u00a0\u00bb4.16&Prime; _module_preset=\u00a0\u00bbdefault\u00a0\u00bb custom_padding=\u00a0\u00bb3px|||||\u00a0\u00bb global_colors_info=\u00a0\u00bb{}\u00a0\u00bb][et_pb_column type=\u00a0\u00bb3_4&Prime; specialty_columns=\u00a0\u00bb3&Prime; _builder_version=\u00a0\u00bb4.16&Prime; custom_padding=\u00a0\u00bb|||\u00a0\u00bb global_colors_info=\u00a0\u00bb{}\u00a0\u00bb custom_padding__hover=\u00a0\u00bb|||\u00a0\u00bb][et_pb_row_inner column_structure=\u00a0\u00bb1_3,1_3,1_3&Prime; use_custom_gutter=\u00a0\u00bbon\u00a0\u00bb gutter_width=\u00a0\u00bb1&Prime; make_equal=\u00a0\u00bbon\u00a0\u00bb _builder_version=\u00a0\u00bb4.16&Prime; _module_preset=\u00a0\u00bbdefault\u00a0\u00bb custom_padding=\u00a0\u00bb||0px||false|false\u00a0\u00bb global_colors_info=\u00a0\u00bb{}\u00a0\u00bb][et_pb_column_inner type=\u00a0\u00bb1_3&Prime; saved_specialty_column_type=\u00a0\u00bb3_4&Prime; _builder_version=\u00a0\u00bb4.16&Prime; _module_preset=\u00a0\u00bbdefault\u00a0\u00bb global_colors_info=\u00a0\u00bb{}\u00a0\u00bb][et_pb_image src=\u00a0\u00bbhttps:\/\/www.veloclublapomme.com\/wp-content\/uploads\/2024\/06\/VCPM.jpg\u00a0\u00bb title_text=\u00a0\u00bbL&rsquo;histoire et valeurs du club \u00a9 VCPM 2024&Prime; _builder_version=\u00a0\u00bb4.25.2&Prime; _module_preset=\u00a0\u00bbdefault\u00a0\u00bb positioning=\u00a0\u00bbabsolute\u00a0\u00bb position_origin_a=\u00a0\u00bbbottom_right\u00a0\u00bb position_origin_a_tablet=\u00a0\u00bb\u00a0\u00bb position_origin_a_phone=\u00a0\u00bb\u00a0\u00bb position_origin_a_last_edited=\u00a0\u00bbon|tablet\u00a0\u00bb position_origin_f_tablet=\u00a0\u00bb\u00a0\u00bb position_origin_f_phone=\u00a0\u00bb\u00a0\u00bb position_origin_f_last_edited=\u00a0\u00bbon|tablet\u00a0\u00bb position_origin_r_tablet=\u00a0\u00bb\u00a0\u00bb position_origin_r_phone=\u00a0\u00bb\u00a0\u00bb position_origin_r_last_edited=\u00a0\u00bbon|tablet\u00a0\u00bb width=\u00a0\u00bb100%\u00a0\u00bb positioning_tablet=\u00a0\u00bbrelative\u00a0\u00bb positioning_phone=\u00a0\u00bb\u00a0\u00bb positioning_last_edited=\u00a0\u00bbon|tablet\u00a0\u00bb locked=\u00a0\u00bboff\u00a0\u00bb global_colors_info=\u00a0\u00bb{}\u00a0\u00bb][\/et_pb_image][\/et_pb_column_inner][et_pb_column_inner type=\u00a0\u00bb1_3&Prime; saved_specialty_column_type=\u00a0\u00bb3_4&Prime; _builder_version=\u00a0\u00bb4.16&Prime; _module_preset=\u00a0\u00bbdefault\u00a0\u00bb global_colors_info=\u00a0\u00bb{}\u00a0\u00bb][et_pb_image src=\u00a0\u00bbhttps:\/\/www.veloclublapomme.com\/wp-content\/uploads\/2024\/06\/Lhistoire-et-valeurs-du-club-\u00a9-VCPM-2024.jpg\u00a0\u00bb title_text=\u00a0\u00bbL&rsquo;histoire et valeurs du club \u00a9 VCPM 2024&Prime; _builder_version=\u00a0\u00bb4.25.2&Prime; _module_preset=\u00a0\u00bbdefault\u00a0\u00bb global_colors_info=\u00a0\u00bb{}\u00a0\u00bb][\/et_pb_image][\/et_pb_column_inner][et_pb_column_inner type=\u00a0\u00bb1_3&Prime; saved_specialty_column_type=\u00a0\u00bb3_4&Prime; _builder_version=\u00a0\u00bb4.16&Prime; _module_preset=\u00a0\u00bbdefault\u00a0\u00bb global_colors_info=\u00a0\u00bb{}\u00a0\u00bb][et_pb_image src=\u00a0\u00bbhttps:\/\/www.veloclublapomme.com\/wp-content\/uploads\/2024\/06\/VCPM002.jpg\u00a0\u00bb title_text=\u00a0\u00bbL&rsquo;histoire et valeurs du club \u00a9 VCPM 2024&Prime; _builder_version=\u00a0\u00bb4.25.2&Prime; _module_preset=\u00a0\u00bbdefault\u00a0\u00bb positioning=\u00a0\u00bbrelative\u00a0\u00bb position_origin_a=\u00a0\u00bbbottom_center\u00a0\u00bb width=\u00a0\u00bb100%\u00a0\u00bb locked=\u00a0\u00bboff\u00a0\u00bb global_colors_info=\u00a0\u00bb{}\u00a0\u00bb][\/et_pb_image][\/et_pb_column_inner][\/et_pb_row_inner][et_pb_row_inner custom_padding_last_edited=\u00a0\u00bbon|phone\u00a0\u00bb _builder_version=\u00a0\u00bb4.16&Prime; _module_preset=\u00a0\u00bbdefault\u00a0\u00bb custom_padding=\u00a0\u00bb0px|33.33%|0px||true|false\u00a0\u00bb custom_padding_tablet=\u00a0\u00bb|0%|||true|false\u00a0\u00bb custom_padding_phone=\u00a0\u00bb\u00a0\u00bb global_colors_info=\u00a0\u00bb{}\u00a0\u00bb][et_pb_column_inner saved_specialty_column_type=\u00a0\u00bb3_4&Prime; _builder_version=\u00a0\u00bb4.16&Prime; _module_preset=\u00a0\u00bbdefault\u00a0\u00bb global_colors_info=\u00a0\u00bb{}\u00a0\u00bb][et_pb_image src=\u00a0\u00bbhttps:\/\/www.veloclublapomme.com\/wp-content\/uploads\/2024\/06\/COUPE-DE-FRANE.jpg\u00a0\u00bb title_text=\u00a0\u00bbL&rsquo;histoire et valeurs du club \u00a9 VCPM 2024&Prime; _builder_version=\u00a0\u00bb4.25.2&Prime; _module_preset=\u00a0\u00bbdefault\u00a0\u00bb locked=\u00a0\u00bboff\u00a0\u00bb global_colors_info=\u00a0\u00bb{}\u00a0\u00bb][\/et_pb_image][\/et_pb_column_inner][\/et_pb_row_inner][\/et_pb_column][et_pb_column type=\u00a0\u00bb1_4&Prime; _builder_version=\u00a0\u00bb4.16&Prime; custom_padding=\u00a0\u00bb|||\u00a0\u00bb global_colors_info=\u00a0\u00bb{}\u00a0\u00bb custom_padding__hover=\u00a0\u00bb|||\u00a0\u00bb][et_pb_image src=\u00a0\u00bbhttps:\/\/www.veloclublapomme.com\/wp-content\/uploads\/2024\/06\/VCPM003.jpg\u00a0\u00bb title_text=\u00a0\u00bbL&rsquo;histoire et valeurs du club \u00a9 VCPM 2024&Prime; _builder_version=\u00a0\u00bb4.25.2&Prime; _module_preset=\u00a0\u00bbdefault\u00a0\u00bb locked=\u00a0\u00bboff\u00a0\u00bb global_colors_info=\u00a0\u00bb{}\u00a0\u00bb][\/et_pb_image][et_pb_image src=\u00a0\u00bbhttps:\/\/www.veloclublapomme.com\/wp-content\/uploads\/2024\/06\/Lhistoire-et-les-valeurs-du-club-\u00a9-VCPM-2024.jpg\u00a0\u00bb title_text=\u00a0\u00bbL&rsquo;histoire et les valeurs du club \u00a9 VCPM 2024&Prime; _builder_version=\u00a0\u00bb4.25.2&Prime; _module_preset=\u00a0\u00bbdefault\u00a0\u00bb custom_margin=\u00a0\u00bb||||false|false\u00a0\u00bb locked=\u00a0\u00bboff\u00a0\u00bb global_colors_info=\u00a0\u00bb{}\u00a0\u00bb][\/et_pb_image][\/et_pb_column][\/et_pb_section]<\/p>\n","protected":false},"excerpt":{"rendered":"<p>Notre histoireL&rsquo;histoire et les valeurs du clubLe V\u00e9lo Club la Pomme Marseille est une association de cyclisme majeure et historique de Marseille et du Sud-est de la France. Sous forme juridique d\u2019association sportive loi 1901 dont l\u2019objet principal est la pratique, la promotion et le d\u00e9veloppement de la pratique du cyclisme sous toutes ses formes (route, VTT, cyclotourisme) ainsi qu\u2019une meilleure connaissance de soi et d\u2019autrui par le d\u00e9veloppement des relations de groupe. L\u2019association a \u00e9t\u00e9 d\u00e9clar\u00e9e \u00e0 la pr\u00e9fecture des Bouches du Rh\u00f4ne sous le num\u00e9ro 8499, le 17 juin 1974 (Journal Officiel du 26 juin 1974) et son si\u00e8ge est situ\u00e9 dans le quartier caract\u00e9ristique de La \u00ab Pomme \u00bb (462 Boulevard Mireille LAUZE 11\u00e8me arrondissement) \u00e0 Marseille.Le club propose \u00e0 ses adh\u00e9rents diverses activit\u00e9s li\u00e9es aux loisirs et \u00e0 la comp\u00e9tition. Le VCPM m\u00e8ne une politique empreinte d\u2019\u00e9thique, de formation, de professionnalisme ou encore de d\u00e9veloppement durable qui la place en posture originale au sein du paysage cycliste fran\u00e7ais. Sans vouloir grandir trop vite, le VCPM avance d\u2019un pas s\u00fbr et n\u2019entend pas arr\u00eater son d\u00e9veloppement en si bon chemin.Ses atouts de formation ont amen\u00e9s jusqu\u2019\u00e0 pr\u00e9sent sa r\u00e9putation de club formateur parmi les tous meilleurs d\u2019Europe (plus de 40 professionnels issus du VCPM). Fort d\u2019environ 300 licenci\u00e9s, de 15 000 heures de b\u00e9n\u00e9volat, de 11 sections, de 6 v\u00e9hicules, de 130 m2 de locaux et de 5 salari\u00e9s, le V\u00e9lo Club la Pomme Marseille organise aussi un des plus grands \u00e9v\u00e8nements que compte aujourd\u2019hui la ville de Marseille : \u00ab Les Bosses de Provence\u00bb.1974Cr\u00e9ation du club Quatre membres historiques d\u00e9cident de fonder le V\u00e9lo Club La Pomme Marseille.1994Premi\u00e8re organisation des Bosses de Provence D&rsquo;abord \u00ab\u00a0Marseillaises\u00a0\u00bb, puis \u00ab\u00a0du 13\u00a0\u00bb et maintenant \u00ab\u00a0de Provence\u00a0\u00bb, la cyclosportive re\u00e7oit chaque ann\u00e9e pr\u00e8s de 2 500 participants\u00a02007Vainqueur de la Coupe de France \u00c0 la fin de la saison 2007, le V\u00e9lo Club La Pomme Marseille d\u00e9croche le classement g\u00e9n\u00e9ral final de la Coupe des France des Clubs Look.\u00a02023Vainqueur challenge U19 La section U19 remporte le challenge S1neo-Direct V\u00e9lo avec 3069 points.202450 ans du VCPM 1974-2024 : le V\u00e9lo Club La Pomme Marseille souflle ses 50 bougies. \u00c0 cette occasion, une soir\u00e9e exceptionnelle est organis\u00e9e au Palais du Pharo.<\/p>\n","protected":false},"author":1,"featured_media":0,"parent":0,"menu_order":0,"comment_status":"closed","ping_status":"closed","template":"","meta":{"_et_pb_use_builder":"on","_et_pb_old_content":"","_et_gb_content_width":"","footnotes":""},"class_list":["post-5497","page","type-page","status-publish","hentry"],"aioseo_notices":[],"_links":{"self":[{"href":"https:\/\/www.veloclublapomme.com\/index.php\/wp-json\/wp\/v2\/pages\/5497","targetHints":{"allow":["GET"]}}],"collection":[{"href":"https:\/\/www.veloclublapomme.com\/index.php\/wp-json\/wp\/v2\/pages"}],"about":[{"href":"https:\/\/www.veloclublapomme.com\/index.php\/wp-json\/wp\/v2\/types\/page"}],"author":[{"embeddable":true,"href":"https:\/\/www.veloclublapomme.com\/index.php\/wp-json\/wp\/v2\/users\/1"}],"replies":[{"embeddable":true,"href":"https:\/\/www.veloclublapomme.com\/index.php\/wp-json\/wp\/v2\/comments?post=5497"}],"version-history":[{"count":15,"href":"https:\/\/www.veloclublapomme.com\/index.php\/wp-json\/wp\/v2\/pages\/5497\/revisions"}],"predecessor-version":[{"id":4410600,"href":"https:\/\/www.veloclublapomme.com\/index.php\/wp-json\/wp\/v2\/pages\/5497\/revisions\/4410600"}],"wp:attachment":[{"href":"https:\/\/www.veloclublapomme.com\/index.php\/wp-json\/wp\/v2\/media?parent=5497"}],"curies":[{"name":"wp","href":"https:\/\/api.w.org\/{rel}","templated":true}]}}