{"id":5684,"date":"2022-12-07T23:17:19","date_gmt":"2022-12-07T22:17:19","guid":{"rendered":"http:\/\/www.veloclublapomme.com\/?page_id=5684"},"modified":"2025-11-20T00:12:20","modified_gmt":"2025-11-19T23:12:20","slug":"page-cx","status":"publish","type":"page","link":"https:\/\/www.veloclublapomme.com\/index.php\/page-cx\/","title":{"rendered":"Cyclo-cross de Luminy"},"content":{"rendered":"<p>[et_pb_section fb_built=\u00a0\u00bb1&Prime; admin_label=\u00a0\u00bbAbout\u00a0\u00bb _builder_version=\u00a0\u00bb4.17.4&Prime; _module_preset=\u00a0\u00bbdefault\u00a0\u00bb custom_margin=\u00a0\u00bb-43px|||||\u00a0\u00bb custom_padding=\u00a0\u00bb90px|||||\u00a0\u00bb collapsed=\u00a0\u00bbon\u00a0\u00bb global_colors_info=\u00a0\u00bb{}\u00a0\u00bb][et_pb_row column_structure=\u00a0\u00bb1_2,1_2&Prime; make_equal=\u00a0\u00bbon\u00a0\u00bb _builder_version=\u00a0\u00bb4.17.4&Prime; _module_preset=\u00a0\u00bbdefault\u00a0\u00bb custom_padding=\u00a0\u00bb0px|||||\u00a0\u00bb global_colors_info=\u00a0\u00bb{}\u00a0\u00bb][et_pb_column type=\u00a0\u00bb1_2&Prime; _builder_version=\u00a0\u00bb4.17.4&Prime; _module_preset=\u00a0\u00bbdefault\u00a0\u00bb custom_padding=\u00a0\u00bb15%||||false|false\u00a0\u00bb custom_padding_tablet=\u00a0\u00bb0%||||false|false\u00a0\u00bb custom_padding_phone=\u00a0\u00bb0%||||false|false\u00a0\u00bb custom_padding_last_edited=\u00a0\u00bbon|tablet\u00a0\u00bb global_colors_info=\u00a0\u00bb{}\u00a0\u00bb][et_pb_text _builder_version=\u00a0\u00bb4.25.2&Prime; _module_preset=\u00a0\u00bbe6504a1b-67eb-4b3d-b023-bcab277610b6&Prime; header_4_font=\u00a0\u00bbInter|700||on|||||\u00a0\u00bb header_4_text_color=\u00a0\u00bb#F26440&Prime; header_4_font_size=\u00a0\u00bb14px\u00a0\u00bb header_4_letter_spacing=\u00a0\u00bb1px\u00a0\u00bb header_4_line_height=\u00a0\u00bb1.4em\u00a0\u00bb custom_margin=\u00a0\u00bb-155px||0px||false|false\u00a0\u00bb locked=\u00a0\u00bboff\u00a0\u00bb global_colors_info=\u00a0\u00bb{}\u00a0\u00bb]<\/p>\n<h4>CYCLO-CROSS DE LUMINY<\/h4>\n<p>[\/et_pb_text][et_pb_text _builder_version=\u00a0\u00bb4.25.2&Prime; _module_preset=\u00a0\u00bbb327cbe4-b1d5-4b66-ad37-40c8f2f061ba\u00a0\u00bb header_2_font=\u00a0\u00bbInter|700|||||||\u00a0\u00bb header_2_text_color=\u00a0\u00bb#000000&Prime; header_2_font_size=\u00a0\u00bb48px\u00a0\u00bb header_2_line_height=\u00a0\u00bb1.2em\u00a0\u00bb header_2_font_size_tablet=\u00a0\u00bb32px\u00a0\u00bb header_2_font_size_phone=\u00a0\u00bb20px\u00a0\u00bb header_2_font_size_last_edited=\u00a0\u00bbon|desktop\u00a0\u00bb locked=\u00a0\u00bboff\u00a0\u00bb global_colors_info=\u00a0\u00bb{}\u00a0\u00bb]<\/p>\n<h2>UNE PLONG\u00c9E DANS LES SOUS-BOIS MARSEILLAIS<\/h2>\n<p>[\/et_pb_text][et_pb_text _builder_version=\u00a0\u00bb4.25.2&Prime; _module_preset=\u00a0\u00bbdefault\u00a0\u00bb locked=\u00a0\u00bboff\u00a0\u00bb global_colors_info=\u00a0\u00bb{}\u00a0\u00bb]<\/p>\n<p style=\"text-align: justify;\">Sur un parcours de deux kilom\u00e8tres trac\u00e9 en plein c\u0153ur de la Facult\u00e9 des Sciences du sport, le Cyclo-cross de Luminy re\u00e7oit chaque ann\u00e9e pr\u00e8s de 200 coureurs d\u00e9sireux d&rsquo;arpenter les sous-bois de la Cit\u00e9 Phoc\u00e9enne. <br \/>La journ\u00e9e se d\u00e9coupe en deux parties : les enfants de l&rsquo;\u00e9cole de cyclisme prennent possession du circuit le matin et les U15, U17, U19 et \u00c9lites, Opens, Access et Masters, l&rsquo;apr\u00e8s-midi.\u00a0<\/p>\n<p>L&rsquo;organisation de cet \u00e9v\u00e9nement n\u00e9cessite dans la pr\u00e9sence d&rsquo;une vingtaine de b\u00e9n\u00e9voles.<\/p>\n<p>[\/et_pb_text][\/et_pb_column][et_pb_column type=\u00a0\u00bb1_2&Prime; _builder_version=\u00a0\u00bb4.17.4&Prime; _module_preset=\u00a0\u00bbdefault\u00a0\u00bb transform_scale_last_edited=\u00a0\u00bboff|phone\u00a0\u00bb transform_translate_last_edited=\u00a0\u00bboff|phone\u00a0\u00bb transform_rotate_last_edited=\u00a0\u00bboff|phone\u00a0\u00bb transform_skew_last_edited=\u00a0\u00bboff|phone\u00a0\u00bb transform_origin_last_edited=\u00a0\u00bboff|phone\u00a0\u00bb transform_styles_last_edited=\u00a0\u00bboff|phone\u00a0\u00bb custom_padding=\u00a0\u00bb||||false|false\u00a0\u00bb global_colors_info=\u00a0\u00bb{}\u00a0\u00bb][et_pb_image src=\u00a0\u00bbhttps:\/\/www.veloclublapomme.com\/wp-content\/uploads\/2024\/06\/device-repair-mask-01.png\u00a0\u00bb title_text=\u00a0\u00bbCYCLO-CROSS DE LUMINY &#8211; \u00a9 VCPM 2024&Prime; _builder_version=\u00a0\u00bb4.25.2&Prime; _module_preset=\u00a0\u00bbdefault\u00a0\u00bb background_image=\u00a0\u00bbhttps:\/\/www.veloclublapomme.com\/wp-content\/uploads\/2024\/06\/CYCLO-CROSS-DE-LUMINY-\u00a9-VCPM-2024.jpg\u00a0\u00bb positioning=\u00a0\u00bbabsolute\u00a0\u00bb z_index=\u00a0\u00bb2&Prime; position_origin_a_tablet=\u00a0\u00bbcenter_left\u00a0\u00bb position_origin_a_phone=\u00a0\u00bbcenter_left\u00a0\u00bb position_origin_a_last_edited=\u00a0\u00bboff|desktop\u00a0\u00bb position_origin_f_last_edited=\u00a0\u00bboff|desktop\u00a0\u00bb position_origin_r_last_edited=\u00a0\u00bboff|desktop\u00a0\u00bb width=\u00a0\u00bb50%\u00a0\u00bb custom_margin=\u00a0\u00bb24%||||false|false\u00a0\u00bb custom_margin_tablet=\u00a0\u00bb||||false|false\u00a0\u00bb custom_margin_phone=\u00a0\u00bb||||false|false\u00a0\u00bb custom_margin_last_edited=\u00a0\u00bboff|desktop\u00a0\u00bb positioning_tablet=\u00a0\u00bbabsolute\u00a0\u00bb positioning_phone=\u00a0\u00bbrelative\u00a0\u00bb positioning_last_edited=\u00a0\u00bboff|desktop\u00a0\u00bb locked=\u00a0\u00bboff\u00a0\u00bb global_colors_info=\u00a0\u00bb{}\u00a0\u00bb][\/et_pb_image][et_pb_image src=\u00a0\u00bbhttps:\/\/www.veloclublapomme.com\/wp-content\/uploads\/2024\/06\/device-repair-mask-01.png\u00a0\u00bb title_text=\u00a0\u00bbCYCLO-CROSS DE LUMINY &#8211; \u00a9 VCPM 2024&Prime; align=\u00a0\u00bbright\u00a0\u00bb align_tablet=\u00a0\u00bbright\u00a0\u00bb align_phone=\u00a0\u00bbcenter\u00a0\u00bb align_last_edited=\u00a0\u00bboff|tablet\u00a0\u00bb _builder_version=\u00a0\u00bb4.25.2&Prime; _module_preset=\u00a0\u00bbdefault\u00a0\u00bb background_image=\u00a0\u00bbhttps:\/\/www.veloclublapomme.com\/wp-content\/uploads\/2024\/06\/CYCLO-CROSS-DE-LUMINY-\u00a9-VCPM-2024-1.jpg\u00a0\u00bb z_index=\u00a0\u00bb1&Prime; width=\u00a0\u00bb50%\u00a0\u00bb custom_margin=\u00a0\u00bb||6%||false|false\u00a0\u00bb custom_padding=\u00a0\u00bb||||false|false\u00a0\u00bb locked=\u00a0\u00bboff\u00a0\u00bb global_colors_info=\u00a0\u00bb{}\u00a0\u00bb][\/et_pb_image][et_pb_image src=\u00a0\u00bbhttps:\/\/www.veloclublapomme.com\/wp-content\/uploads\/2024\/06\/device-repair-mask-01.png\u00a0\u00bb title_text=\u00a0\u00bbCYCLO-CROSS DE LUMINY &#8211; \u00a9 VCPM 2024&Prime; align=\u00a0\u00bbright\u00a0\u00bb _builder_version=\u00a0\u00bb4.25.2&Prime; _module_preset=\u00a0\u00bbdefault\u00a0\u00bb background_image=\u00a0\u00bbhttps:\/\/www.veloclublapomme.com\/wp-content\/uploads\/2024\/06\/CYCLO-CROSS-DE-LUMINY-\u00a9-VCPM-2024-2.jpg\u00a0\u00bb width=\u00a0\u00bb50%\u00a0\u00bb custom_margin=\u00a0\u00bb|8%|||false|false\u00a0\u00bb custom_margin_tablet=\u00a0\u00bb|8%|||false|false\u00a0\u00bb custom_margin_phone=\u00a0\u00bb|0%|||false|false\u00a0\u00bb custom_margin_last_edited=\u00a0\u00bbon|phone\u00a0\u00bb locked=\u00a0\u00bboff\u00a0\u00bb global_colors_info=\u00a0\u00bb{}\u00a0\u00bb][\/et_pb_image][\/et_pb_column][\/et_pb_row][\/et_pb_section][et_pb_section fb_built=\u00a0\u00bb1&Prime; custom_padding_last_edited=\u00a0\u00bbon|desktop\u00a0\u00bb admin_label=\u00a0\u00bbGallery\u00a0\u00bb _builder_version=\u00a0\u00bb4.25.1&Prime; _module_preset=\u00a0\u00bbdefault\u00a0\u00bb custom_padding=\u00a0\u00bb|60px||60px|false|true\u00a0\u00bb custom_padding_tablet=\u00a0\u00bb|10%||10%|false|true\u00a0\u00bb custom_padding_phone=\u00a0\u00bb10%|10%|10%|10%|true|true\u00a0\u00bb collapsed=\u00a0\u00bbon\u00a0\u00bb global_colors_info=\u00a0\u00bb{%22gcid-5ce2ff5c-ec55-4afe-b04f-cda004e53cb8%22:%91%22background_color%22%93}\u00a0\u00bb][et_pb_row column_structure=\u00a0\u00bb1_4,1_4,1_2&Prime; use_custom_gutter=\u00a0\u00bbon\u00a0\u00bb gutter_width=\u00a0\u00bb2&Prime; _builder_version=\u00a0\u00bb4.25.1&Prime; _module_preset=\u00a0\u00bbdefault\u00a0\u00bb width=\u00a0\u00bb100%\u00a0\u00bb max_width=\u00a0\u00bbnone\u00a0\u00bb custom_margin_tablet=\u00a0\u00bb0%||||false|false\u00a0\u00bb custom_margin_last_edited=\u00a0\u00bboff|desktop\u00a0\u00bb global_colors_info=\u00a0\u00bb{}\u00a0\u00bb][et_pb_column type=\u00a0\u00bb1_4&Prime; _builder_version=\u00a0\u00bb4.25.1&Prime; _module_preset=\u00a0\u00bbdefault\u00a0\u00bb global_colors_info=\u00a0\u00bb{}\u00a0\u00bb][et_pb_image src=\u00a0\u00bbhttps:\/\/www.veloclublapomme.com\/wp-content\/uploads\/2024\/06\/CYCLO-CROSS-DE-LUMINY-\u00a9-VCPM-2024-9.jpg\u00a0\u00bb title_text=\u00a0\u00bbCYCLO-CROSS DE LUMINY &#8211; \u00a9 VCPM 2024&Prime; _builder_version=\u00a0\u00bb4.25.2&Prime; _module_preset=\u00a0\u00bbdefault\u00a0\u00bb global_colors_info=\u00a0\u00bb{}\u00a0\u00bb][\/et_pb_image][\/et_pb_column][et_pb_column type=\u00a0\u00bb1_4&Prime; _builder_version=\u00a0\u00bb4.25.1&Prime; _module_preset=\u00a0\u00bbdefault\u00a0\u00bb global_colors_info=\u00a0\u00bb{}\u00a0\u00bb][et_pb_image src=\u00a0\u00bbhttps:\/\/www.veloclublapomme.com\/wp-content\/uploads\/2024\/06\/CYCLO-CROSS-DE-LUMINY-\u00a9-VCPM-2024-4.jpg\u00a0\u00bb title_text=\u00a0\u00bbCYCLO-CROSS DE LUMINY &#8211; \u00a9 VCPM 2024&Prime; _builder_version=\u00a0\u00bb4.25.2&Prime; _module_preset=\u00a0\u00bbdefault\u00a0\u00bb global_colors_info=\u00a0\u00bb{}\u00a0\u00bb][\/et_pb_image][\/et_pb_column][et_pb_column type=\u00a0\u00bb1_2&Prime; _builder_version=\u00a0\u00bb4.25.1&Prime; _module_preset=\u00a0\u00bbdefault\u00a0\u00bb global_colors_info=\u00a0\u00bb{}\u00a0\u00bb][et_pb_image src=\u00a0\u00bbhttps:\/\/www.veloclublapomme.com\/wp-content\/uploads\/2024\/06\/CYCLO-CROSS-DE-LUMINY-\u00a9-VCPM-2024-5.jpg\u00a0\u00bb title_text=\u00a0\u00bbCYCLO-CROSS DE LUMINY &#8211; \u00a9 VCPM 2024&Prime; _builder_version=\u00a0\u00bb4.25.2&Prime; _module_preset=\u00a0\u00bbdefault\u00a0\u00bb global_colors_info=\u00a0\u00bb{}\u00a0\u00bb][\/et_pb_image][\/et_pb_column][\/et_pb_row][et_pb_row column_structure=\u00a0\u00bb1_4,1_2,1_4&Prime; use_custom_gutter=\u00a0\u00bbon\u00a0\u00bb gutter_width=\u00a0\u00bb2&Prime; _builder_version=\u00a0\u00bb4.25.1&Prime; _module_preset=\u00a0\u00bbdefault\u00a0\u00bb width=\u00a0\u00bb100%\u00a0\u00bb max_width=\u00a0\u00bbnone\u00a0\u00bb custom_margin_tablet=\u00a0\u00bb0%||||false|false\u00a0\u00bb custom_margin_last_edited=\u00a0\u00bboff|desktop\u00a0\u00bb custom_padding=\u00a0\u00bb||0px||false|false\u00a0\u00bb global_colors_info=\u00a0\u00bb{}\u00a0\u00bb][et_pb_column type=\u00a0\u00bb1_4&Prime; _builder_version=\u00a0\u00bb4.25.1&Prime; _module_preset=\u00a0\u00bbdefault\u00a0\u00bb global_colors_info=\u00a0\u00bb{}\u00a0\u00bb][et_pb_image src=\u00a0\u00bbhttps:\/\/www.veloclublapomme.com\/wp-content\/uploads\/2024\/06\/CYCLO-CROSS-DE-LUMINY-\u00a9-VCPM-2024-6.jpg\u00a0\u00bb title_text=\u00a0\u00bbCYCLO-CROSS DE LUMINY &#8211; \u00a9 VCPM 2024&Prime; _builder_version=\u00a0\u00bb4.25.2&Prime; _module_preset=\u00a0\u00bbdefault\u00a0\u00bb global_colors_info=\u00a0\u00bb{}\u00a0\u00bb][\/et_pb_image][\/et_pb_column][et_pb_column type=\u00a0\u00bb1_2&Prime; _builder_version=\u00a0\u00bb4.25.1&Prime; _module_preset=\u00a0\u00bbdefault\u00a0\u00bb global_colors_info=\u00a0\u00bb{}\u00a0\u00bb][et_pb_image src=\u00a0\u00bbhttps:\/\/www.veloclublapomme.com\/wp-content\/uploads\/2024\/06\/CYCLO-CROSS-DE-LUMINY-\u00a9-VCPM-2024-7.jpg\u00a0\u00bb title_text=\u00a0\u00bbCYCLO-CROSS DE LUMINY &#8211; \u00a9 VCPM 2024&Prime; _builder_version=\u00a0\u00bb4.25.2&Prime; _module_preset=\u00a0\u00bbdefault\u00a0\u00bb global_colors_info=\u00a0\u00bb{}\u00a0\u00bb][\/et_pb_image][\/et_pb_column][et_pb_column type=\u00a0\u00bb1_4&Prime; _builder_version=\u00a0\u00bb4.25.1&Prime; _module_preset=\u00a0\u00bbdefault\u00a0\u00bb global_colors_info=\u00a0\u00bb{}\u00a0\u00bb][et_pb_image src=\u00a0\u00bbhttps:\/\/www.veloclublapomme.com\/wp-content\/uploads\/2024\/06\/CYCLO-CROSS-DE-LUMINY-\u00a9-VCPM-2024-8.jpg\u00a0\u00bb title_text=\u00a0\u00bbCYCLO-CROSS DE LUMINY &#8211; \u00a9 VCPM 2024&Prime; _builder_version=\u00a0\u00bb4.25.2&Prime; _module_preset=\u00a0\u00bbdefault\u00a0\u00bb global_colors_info=\u00a0\u00bb{}\u00a0\u00bb][\/et_pb_image][\/et_pb_column][\/et_pb_row][\/et_pb_section][et_pb_section fb_built=\u00a0\u00bb1&Prime; specialty=\u00a0\u00bbon\u00a0\u00bb padding_top_1=\u00a0\u00bb6vw\u00a0\u00bb padding_top_2=\u00a0\u00bb5vw\u00a0\u00bb padding_2_tablet=\u00a0\u00bb0px|||\u00a0\u00bb padding_2_phone=\u00a0\u00bb\u00a0\u00bb padding_2_last_edited=\u00a0\u00bbon|tablet\u00a0\u00bb admin_label=\u00a0\u00bbHeader\u00a0\u00bb _builder_version=\u00a0\u00bb4.27.4&Prime; inner_max_width=\u00a0\u00bb1280px\u00a0\u00bb custom_padding=\u00a0\u00bb0px|||||\u00a0\u00bb locked=\u00a0\u00bboff\u00a0\u00bb global_colors_info=\u00a0\u00bb{}\u00a0\u00bb][et_pb_column type=\u00a0\u00bb1_2&Prime; _builder_version=\u00a0\u00bb4.16&Prime; custom_padding=\u00a0\u00bb|||\u00a0\u00bb global_colors_info=\u00a0\u00bb{}\u00a0\u00bb custom_padding__hover=\u00a0\u00bb|||\u00a0\u00bb][et_pb_image src=\u00a0\u00bbhttps:\/\/www.veloclublapomme.com\/wp-content\/uploads\/2025\/11\/CX-Luminy-v2-30112025-scaled.jpg\u00a0\u00bb title_text=\u00a0\u00bbCyclo-cross de Luminy 2025&Prime; _builder_version=\u00a0\u00bb4.27.4&Prime; max_width_tablet=\u00a0\u00bb400px\u00a0\u00bb max_width_phone=\u00a0\u00bb300px\u00a0\u00bb max_width_last_edited=\u00a0\u00bbon|desktop\u00a0\u00bb custom_margin=\u00a0\u00bb|||-6vw\u00a0\u00bb custom_margin_tablet=\u00a0\u00bb|||0vw\u00a0\u00bb custom_margin_phone=\u00a0\u00bb\u00a0\u00bb custom_margin_last_edited=\u00a0\u00bbon|tablet\u00a0\u00bb hover_enabled=\u00a0\u00bb0&Prime; box_shadow_style=\u00a0\u00bbpreset4&Prime; box_shadow_horizontal=\u00a0\u00bb-6vw\u00a0\u00bb box_shadow_vertical=\u00a0\u00bb-6vw\u00a0\u00bb box_shadow_color=\u00a0\u00bb#ff5f24&Prime; global_colors_info=\u00a0\u00bb{}\u00a0\u00bb sticky_enabled=\u00a0\u00bb0&Prime;][\/et_pb_image][\/et_pb_column][et_pb_column type=\u00a0\u00bb1_2&Prime; specialty_columns=\u00a0\u00bb2&Prime; _builder_version=\u00a0\u00bb4.16&Prime; custom_padding=\u00a0\u00bb|||\u00a0\u00bb global_colors_info=\u00a0\u00bb{}\u00a0\u00bb custom_padding__hover=\u00a0\u00bb|||\u00a0\u00bb][et_pb_row_inner _builder_version=\u00a0\u00bb4.16&Prime; hover_enabled=\u00a0\u00bb0&Prime; global_colors_info=\u00a0\u00bb{}\u00a0\u00bb sticky_enabled=\u00a0\u00bb0&Prime;][et_pb_column_inner saved_specialty_column_type=\u00a0\u00bb1_2&Prime; _builder_version=\u00a0\u00bb4.16&Prime; custom_padding=\u00a0\u00bb|||\u00a0\u00bb global_colors_info=\u00a0\u00bb{}\u00a0\u00bb custom_padding__hover=\u00a0\u00bb|||\u00a0\u00bb][et_pb_text _builder_version=\u00a0\u00bb4.16&Prime; text_font=\u00a0\u00bb||||||||\u00a0\u00bb text_font_size=\u00a0\u00bb20px\u00a0\u00bb text_line_height=\u00a0\u00bb2em\u00a0\u00bb header_font=\u00a0\u00bbGentium Basic|700|||||||\u00a0\u00bb header_font_size=\u00a0\u00bb70px\u00a0\u00bb header_line_height=\u00a0\u00bb1.2em\u00a0\u00bb text_font_size_tablet=\u00a0\u00bb\u00a0\u00bb text_font_size_phone=\u00a0\u00bb15px\u00a0\u00bb text_font_size_last_edited=\u00a0\u00bbon|desktop\u00a0\u00bb header_font_size_tablet=\u00a0\u00bb40px\u00a0\u00bb header_font_size_phone=\u00a0\u00bb25px\u00a0\u00bb header_font_size_last_edited=\u00a0\u00bbon|phone\u00a0\u00bb global_colors_info=\u00a0\u00bb{}\u00a0\u00bb]<\/p>\n<h1>\u00c9dition 2025<\/h1>\n<h2><span style=\"font-size: medium;\">Le\u00a0<strong>Cyclo-cross de Luminy<\/strong> se disputera le dimanche 30 novembre prochain, toujours au c\u0153ur du Technosport.<\/span><\/h2>\n<p>[\/et_pb_text][et_pb_text _builder_version=\u00a0\u00bb4.27.4&Prime; text_font=\u00a0\u00bb||||||||\u00a0\u00bb text_font_size=\u00a0\u00bb20px\u00a0\u00bb text_line_height=\u00a0\u00bb2em\u00a0\u00bb header_font=\u00a0\u00bbGentium Basic|700|||||||\u00a0\u00bb header_font_size=\u00a0\u00bb70px\u00a0\u00bb header_line_height=\u00a0\u00bb1.2em\u00a0\u00bb hover_enabled=\u00a0\u00bb0&Prime; text_font_size_tablet=\u00a0\u00bb\u00a0\u00bb text_font_size_phone=\u00a0\u00bb15px\u00a0\u00bb text_font_size_last_edited=\u00a0\u00bbon|desktop\u00a0\u00bb header_font_size_tablet=\u00a0\u00bb40px\u00a0\u00bb header_font_size_phone=\u00a0\u00bb25px\u00a0\u00bb header_font_size_last_edited=\u00a0\u00bbon|phone\u00a0\u00bb global_colors_info=\u00a0\u00bb{}\u00a0\u00bb sticky_enabled=\u00a0\u00bb0&Prime;]<\/p>\n<h1>Programme :<\/h1>\n<h2><span style=\"font-size: medium; color: #000000;\">\u00c9cole de cyclisme : 10h00\u00a0<\/span><\/h2>\n<h2><span style=\"font-size: medium; color: #000000;\">U15 : 12h00\u00a0<\/span><\/h2>\n<h2><span style=\"font-size: medium; color: #000000;\">U17 : 12h30\u00a0<\/span><\/h2>\n<h2><span style=\"font-size: medium; color: #000000;\">Masters 40+ : 13h30<\/span><\/h2>\n<p><span style=\"font-size: medium; color: #000000;\">U19 \/ Dames \/ \u00c9lites, Open, Acces, Masters : 14h30<\/span><\/p>\n<p>[\/et_pb_text][\/et_pb_column_inner][\/et_pb_row_inner][\/et_pb_column][\/et_pb_section]<\/p>\n","protected":false},"excerpt":{"rendered":"<p>CYCLO-CROSS DE LUMINYUNE PLONG\u00c9E DANS LES SOUS-BOIS MARSEILLAISSur un parcours de deux kilom\u00e8tres trac\u00e9 en plein c\u0153ur de la Facult\u00e9 des Sciences du sport, le Cyclo-cross de Luminy re\u00e7oit chaque ann\u00e9e pr\u00e8s de 200 coureurs d\u00e9sireux d&rsquo;arpenter les sous-bois de la Cit\u00e9 Phoc\u00e9enne. La journ\u00e9e se d\u00e9coupe en deux parties : les enfants de l&rsquo;\u00e9cole de cyclisme prennent possession du circuit le matin et les U15, U17, U19 et \u00c9lites, Opens, Access et Masters, l&rsquo;apr\u00e8s-midi.\u00a0 L&rsquo;organisation de cet \u00e9v\u00e9nement n\u00e9cessite dans la pr\u00e9sence d&rsquo;une vingtaine de b\u00e9n\u00e9voles.\u00c9dition 2025 Le\u00a0Cyclo-cross de Luminy se disputera le dimanche 30 novembre prochain, toujours au c\u0153ur du Technosport.Programme : \u00c9cole de cyclisme : 10h00\u00a0 U15 : 12h00\u00a0 U17 : 12h30\u00a0 Masters 40+ : 13h30 U19 \/ Dames \/ \u00c9lites, Open, Acces, Masters : 14h30<\/p>\n","protected":false},"author":1,"featured_media":0,"parent":0,"menu_order":0,"comment_status":"closed","ping_status":"closed","template":"","meta":{"_et_pb_use_builder":"on","_et_pb_old_content":"","_et_gb_content_width":"","footnotes":""},"class_list":["post-5684","page","type-page","status-publish","hentry"],"aioseo_notices":[],"_links":{"self":[{"href":"https:\/\/www.veloclublapomme.com\/index.php\/wp-json\/wp\/v2\/pages\/5684","targetHints":{"allow":["GET"]}}],"collection":[{"href":"https:\/\/www.veloclublapomme.com\/index.php\/wp-json\/wp\/v2\/pages"}],"about":[{"href":"https:\/\/www.veloclublapomme.com\/index.php\/wp-json\/wp\/v2\/types\/page"}],"author":[{"embeddable":true,"href":"https:\/\/www.veloclublapomme.com\/index.php\/wp-json\/wp\/v2\/users\/1"}],"replies":[{"embeddable":true,"href":"https:\/\/www.veloclublapomme.com\/index.php\/wp-json\/wp\/v2\/comments?post=5684"}],"version-history":[{"count":15,"href":"https:\/\/www.veloclublapomme.com\/index.php\/wp-json\/wp\/v2\/pages\/5684\/revisions"}],"predecessor-version":[{"id":4411333,"href":"https:\/\/www.veloclublapomme.com\/index.php\/wp-json\/wp\/v2\/pages\/5684\/revisions\/4411333"}],"wp:attachment":[{"href":"https:\/\/www.veloclublapomme.com\/index.php\/wp-json\/wp\/v2\/media?parent=5684"}],"curies":[{"name":"wp","href":"https:\/\/api.w.org\/{rel}","templated":true}]}}